{"id":4766,"date":"2026-01-25T13:55:34","date_gmt":"2026-01-25T13:55:34","guid":{"rendered":"https:\/\/uniformespromax.com\/?post_type=product&#038;p=4766"},"modified":"2026-01-25T13:55:34","modified_gmt":"2026-01-25T13:55:34","slug":"delantal-rizo-plastificado-90x75-cm","status":"publish","type":"product","link":"https:\/\/uniformespromax.com\/en\/product\/delantal-rizo-plastificado-90x75-cm\/","title":{"rendered":"DELANTAL RIZO PLASTIFICADO 90X75 CM"},"content":{"rendered":"<p>Nuestro delantal de rizo plastificado cuenta con una capa interior de rizo plastificado que lo hace impermeable y resistente a l\u00edquidos, protegi\u00e9ndote de derrames y salpicaduras. Mant\u00e9n tu ropa y uniforme impecables sin importar el entorno de trabajo.<\/p>\n<p>Con sus dimensiones de 90&#215;75 cm, este delantal proporciona una cobertura excepcional, asegurando que est\u00e9s protegido en todas las circunstancias. No tendr\u00e1s que preocuparte por manchas ni salpicaduras en ninguna parte de tu ropa.<\/p>\n<p>La calidad es nuestra prioridad. Este mandil est\u00e1 dise\u00f1ado para soportar el uso constante y el paso del tiempo. Su confecci\u00f3n robusta y sus cualidades antimanchas garantiza una larga vida \u00fatil, por lo que no tendr\u00e1s que reemplazarlo con frecuencia.<\/p>","protected":false},"excerpt":{"rendered":"<p>Nuestro delantal de rizo plastificado cuenta con una capa interior de rizo plastificado que lo hace impermeable y resistente a l\u00edquidos, protegi\u00e9ndote de derrames y salpicaduras. Mant\u00e9n tu ropa y uniforme impecables sin importar el entorno de trabajo. Con sus dimensiones de 90&#215;75 cm, este delantal proporciona una cobertura excepcional, asegurando que est\u00e9s protegido en [&hellip;]<\/p>\n","protected":false},"featured_media":4770,"comment_status":"open","ping_status":"closed","template":"","meta":{"_acf_changed":false,"content-type":""},"pwb-brand":[],"product_brand":[],"product_cat":[233,231,232,264,245,283,230],"product_tag":[],"class_list":{"0":"post-4766","1":"product","2":"type-product","3":"status-publish","4":"has-post-thumbnail","6":"product_cat-alimentacion","7":"product_cat-articulo","8":"product_cat-coleccion","9":"product_cat-delantales","10":"product_cat-hosteleria","11":"product_cat-hosteleria-y-cocina","12":"product_cat-profesion","14":"first","15":"instock","16":"taxable","17":"shipping-taxable","18":"product-type-simple"},"acf":[],"brands":[],"_links":{"self":[{"href":"https:\/\/uniformespromax.com\/en\/wp-json\/wp\/v2\/product\/4766","targetHints":{"allow":["GET"]}}],"collection":[{"href":"https:\/\/uniformespromax.com\/en\/wp-json\/wp\/v2\/product"}],"about":[{"href":"https:\/\/uniformespromax.com\/en\/wp-json\/wp\/v2\/types\/product"}],"replies":[{"embeddable":true,"href":"https:\/\/uniformespromax.com\/en\/wp-json\/wp\/v2\/comments?post=4766"}],"wp:featuredmedia":[{"embeddable":true,"href":"https:\/\/uniformespromax.com\/en\/wp-json\/wp\/v2\/media\/4770"}],"wp:attachment":[{"href":"https:\/\/uniformespromax.com\/en\/wp-json\/wp\/v2\/media?parent=4766"}],"wp:term":[{"taxonomy":"pwb-brand","embeddable":true,"href":"https:\/\/uniformespromax.com\/en\/wp-json\/wp\/v2\/pwb-brand?post=4766"},{"taxonomy":"product_brand","embeddable":true,"href":"https:\/\/uniformespromax.com\/en\/wp-json\/wp\/v2\/product_brand?post=4766"},{"taxonomy":"product_cat","embeddable":true,"href":"https:\/\/uniformespromax.com\/en\/wp-json\/wp\/v2\/product_cat?post=4766"},{"taxonomy":"product_tag","embeddable":true,"href":"https:\/\/uniformespromax.com\/en\/wp-json\/wp\/v2\/product_tag?post=4766"}],"curies":[{"name":"wp","href":"https:\/\/api.w.org\/{rel}","templated":true}]}}