{"id":5202,"date":"2026-03-26T12:11:56","date_gmt":"2026-03-26T12:11:56","guid":{"rendered":"https:\/\/uniformespromax.com\/?page_id=5202"},"modified":"2026-03-26T12:55:53","modified_gmt":"2026-03-26T12:55:53","slug":"privacy","status":"publish","type":"page","link":"https:\/\/uniformespromax.com\/en\/privacy\/","title":{"rendered":"Privacy Policy"},"content":{"rendered":"<div data-elementor-type=\"wp-page\" data-elementor-id=\"5202\" class=\"elementor elementor-5202\">\n\t\t\t\t<div class=\"elementor-element elementor-element-bfe1ef3 e-flex e-con-boxed e-con e-parent\" data-id=\"bfe1ef3\" data-element_type=\"container\" data-e-type=\"container\">\r\n\t\t\t\t\t<div class=\"e-con-inner\">\r\n\t\t\t\t<div class=\"elementor-element elementor-element-ccc7751 elementor-widget elementor-widget-html\" data-id=\"ccc7751\" data-element_type=\"widget\" data-e-type=\"widget\" data-widget_type=\"html.default\">\n\t\t\t\t\t<h2>Privacy Policy<\/h2>\r\n\r\n<p>At UNIFORMES PROMAX SL, we are committed to protecting the privacy of our users and ensuring compliance with applicable data protection regulations.<\/p>\r\n\r\n<h3>Data Controller<\/h3>\r\n<ul>\r\n<li><strong>Company name:<\/strong> UNIFORMES PROMAX SL<\/li>\r\n<li class=\"translation-block\"><strong>Tax ID (NIF):<\/strong> B56314628<\/li>\r\n<li><strong>Registered address:<\/strong> Calle Maestra Concepci\u00f3n Guidet 29640, Fuengirola (M\u00e1laga), Espa\u00f1a<\/li>\r\n<li><strong>Email:<\/strong> info@uniformespromax.com<\/li>\r\n<\/ul>\r\n\r\n<h3>Data We Collect<\/h3>\r\n<p>We may collect personal data through the following means:<\/p>\r\n<ul>\r\n<li>Contact forms<\/li>\r\n<li>User registration (if applicable)<\/li>\r\n<li>Cookies and similar technologies<\/li>\r\n<\/ul>\r\n\r\n<h3>Purpose of Processing<\/h3>\r\n<p>Personal data collected is used for:<\/p>\r\n<ul>\r\n<li>Responding to inquiries submitted through contact forms<\/li>\r\n<li>Managing user accounts (if registration is enabled)<\/li>\r\n<li>Improving user experience and website navigation<\/li>\r\n<li>Complying with legal obligations<\/li>\r\n<\/ul>\r\n\r\n<h3>Legal Basis<\/h3>\r\n<p>The processing of personal data is based on:<\/p>\r\n<ul>\r\n<li>The user\u2019s consent<\/li>\r\n<li>The performance of a contract (in case of future purchases)<\/li>\r\n<li>Compliance with legal obligations<\/li>\r\n<\/ul>\r\n\r\n<h3>Data Retention<\/h3>\r\n<p>Personal data will be retained for as long as necessary to fulfill the purposes for which it was collected and to comply with legal obligations.<\/p>\r\n\r\n<h3>Data Recipients<\/h3>\r\n<p>Personal data will not be shared with third parties, except where required by law or when necessary for the provision of services (e.g., hosting providers).<\/p>\r\n\r\n<h3>User Rights<\/h3>\r\n<p>Users have the right to:<\/p>\r\n<ul>\r\n<li>Access their personal data<\/li>\r\n<li>Request rectification or deletion<\/li>\r\n<li>Request restriction of processing<\/li>\r\n<li>Object to processing<\/li>\r\n<li>Request data portability<\/li>\r\n<\/ul>\r\n\r\n<p>To exercise these rights, users may contact: info@uniformespromax.com<\/p>\r\n\r\n<h3>Data Security<\/h3>\r\n<p>UNIFORMES PROMAX SL implements appropriate technical and organizational measures to ensure the security, integrity, and confidentiality of personal data.<\/p>\r\n\r\n<h3>Cookies<\/h3>\r\n<p>This website uses cookies. For more information, please refer to our Cookie Policy. <a href=\"https:\/\/uniformespromax.com\/en\/cookies\/\">Pol\u00edtica de Cookies<\/a>.<\/p>\r\n\t\t\t\t<\/div>\n\t\t\t\t\t<\/div>\n\t\t\t\t<\/div>\n\t\t\t\t<\/div>","protected":false},"excerpt":{"rendered":"<p>Pol\u00edtica de Privacidad En UNIFORMES PROMAX SL nos comprometemos a proteger la privacidad de nuestros usuarios y garantizar el cumplimiento de la normativa vigente en materia de protecci\u00f3n de datos personales. Responsable del tratamiento Empresa: UNIFORMES PROMAX SL NIF: B56314628 Domicilio: Calle Maestra Concepci\u00f3n Guidet 29640, Fuengirola (M\u00e1laga), Espa\u00f1a Email: info@uniformespromax.com Datos que recopilamos Podemos [&hellip;]<\/p>\n","protected":false},"author":1,"featured_media":0,"parent":0,"menu_order":0,"comment_status":"closed","ping_status":"closed","template":"","meta":{"_acf_changed":false,"content-type":"","footnotes":""},"class_list":["post-5202","page","type-page","status-publish","hentry"],"acf":[],"_links":{"self":[{"href":"https:\/\/uniformespromax.com\/en\/wp-json\/wp\/v2\/pages\/5202","targetHints":{"allow":["GET"]}}],"collection":[{"href":"https:\/\/uniformespromax.com\/en\/wp-json\/wp\/v2\/pages"}],"about":[{"href":"https:\/\/uniformespromax.com\/en\/wp-json\/wp\/v2\/types\/page"}],"author":[{"embeddable":true,"href":"https:\/\/uniformespromax.com\/en\/wp-json\/wp\/v2\/users\/1"}],"replies":[{"embeddable":true,"href":"https:\/\/uniformespromax.com\/en\/wp-json\/wp\/v2\/comments?post=5202"}],"version-history":[{"count":4,"href":"https:\/\/uniformespromax.com\/en\/wp-json\/wp\/v2\/pages\/5202\/revisions"}],"predecessor-version":[{"id":5218,"href":"https:\/\/uniformespromax.com\/en\/wp-json\/wp\/v2\/pages\/5202\/revisions\/5218"}],"wp:attachment":[{"href":"https:\/\/uniformespromax.com\/en\/wp-json\/wp\/v2\/media?parent=5202"}],"curies":[{"name":"wp","href":"https:\/\/api.w.org\/{rel}","templated":true}]}}