{"id":5200,"date":"2026-03-26T12:10:47","date_gmt":"2026-03-26T12:10:47","guid":{"rendered":"https:\/\/uniformespromax.com\/?page_id=5200"},"modified":"2026-03-26T12:52:39","modified_gmt":"2026-03-26T12:52:39","slug":"legal","status":"publish","type":"page","link":"https:\/\/uniformespromax.com\/en\/legal\/","title":{"rendered":"Legal Notice"},"content":{"rendered":"<div data-elementor-type=\"wp-page\" data-elementor-id=\"5200\" class=\"elementor elementor-5200\">\n\t\t\t\t<div class=\"elementor-element elementor-element-50bfa37 e-flex e-con-boxed e-con e-parent\" data-id=\"50bfa37\" data-element_type=\"container\" data-e-type=\"container\">\r\n\t\t\t\t\t<div class=\"e-con-inner\">\r\n\t\t\t\t<div class=\"elementor-element elementor-element-447abff elementor-widget elementor-widget-html\" data-id=\"447abff\" data-element_type=\"widget\" data-e-type=\"widget\" data-widget_type=\"html.default\">\n\t\t\t\t\t<h2>Legal Notice<\/h2>\r\n\r\n<p>In compliance with the information obligation set forth in Law 34\/2002 on Information Society Services and Electronic Commerce (LSSI-CE), the following general information about this website is provided:<\/p>\r\n\r\n<ul>\r\n<li><strong>Company name:<\/strong> UNIFORMES PROMAX SL<\/li>\r\n<li class=\"translation-block\"><strong>Tax ID (NIF):<\/strong> B56314628<\/li>\r\n<li><strong>Registered address:<\/strong> Calle Maestra Concepci\u00f3n Guidet 29640, Fuengirola (M\u00e1laga), Espa\u00f1a<\/li>\r\n<li><strong>Business activity:<\/strong> Import, export, distribution of uniforms, workwear, and customization through embroidery, screen printing, pad printing, and other printing techniques<\/li>\r\n<li><strong>Contact email:<\/strong> info@uniformespromax.com<\/li>\r\n<\/ul>\r\n\r\n<h3>Terms of Use<\/h3>\r\n<p>Access to and use of this website grants the status of user and implies full acceptance of the terms set forth herein. The user agrees to make appropriate use of the contents and services offered.<\/p>\r\n\r\n<h3>Intellectual and Industrial Property<\/h3>\r\n<p>All contents of this website (texts, images, logos, design, source code, etc.) are the property of UNIFORMES PROMAX SL or their respective owners and are protected by applicable intellectual and industrial property laws. Any reproduction, distribution, or modification without prior authorization is strictly prohibited.<\/p>\r\n\r\n<h3>Liability<\/h3>\r\n<p>UNIFORMES PROMAX SL shall not be held liable for any damages or losses of any nature that may arise from improper use of the website or from the lack of availability or continuity of the website.<\/p>\r\n\r\n<h3>External Links<\/h3>\r\n<p>If this website contains links to third-party websites, UNIFORMES PROMAX SL does not exercise any control over such websites or their content and assumes no responsibility for them.<\/p>\r\n\r\n<h3>Applicable Law and Jurisdiction<\/h3>\r\n<p>The relationship between the user and the website owner shall be governed by the applicable laws of Spain. Any disputes that may arise shall be submitted to the courts and tribunals corresponding to the user's place of residence or the place of performance of the obligation.<\/p>\r\n\t\t\t\t<\/div>\n\t\t\t\t\t<\/div>\n\t\t\t\t<\/div>\n\t\t\t\t<\/div>","protected":false},"excerpt":{"rendered":"<p>Aviso Legal En cumplimiento con el deber de informaci\u00f3n recogido en la Ley 34\/2002, de Servicios de la Sociedad de la Informaci\u00f3n y del Comercio Electr\u00f3nico (LSSI-CE), se facilitan a continuaci\u00f3n los siguientes datos de informaci\u00f3n general del sitio web: Raz\u00f3n social: UNIFORMES PROMAX SL NIF: B56314628 Domicilio: Calle Maestra Concepci\u00f3n Guidet 29640, Fuengirola (M\u00e1laga), [&hellip;]<\/p>\n","protected":false},"author":1,"featured_media":0,"parent":0,"menu_order":0,"comment_status":"closed","ping_status":"closed","template":"","meta":{"_acf_changed":false,"content-type":"","footnotes":""},"class_list":["post-5200","page","type-page","status-publish","hentry"],"acf":[],"_links":{"self":[{"href":"https:\/\/uniformespromax.com\/en\/wp-json\/wp\/v2\/pages\/5200","targetHints":{"allow":["GET"]}}],"collection":[{"href":"https:\/\/uniformespromax.com\/en\/wp-json\/wp\/v2\/pages"}],"about":[{"href":"https:\/\/uniformespromax.com\/en\/wp-json\/wp\/v2\/types\/page"}],"author":[{"embeddable":true,"href":"https:\/\/uniformespromax.com\/en\/wp-json\/wp\/v2\/users\/1"}],"replies":[{"embeddable":true,"href":"https:\/\/uniformespromax.com\/en\/wp-json\/wp\/v2\/comments?post=5200"}],"version-history":[{"count":7,"href":"https:\/\/uniformespromax.com\/en\/wp-json\/wp\/v2\/pages\/5200\/revisions"}],"predecessor-version":[{"id":5215,"href":"https:\/\/uniformespromax.com\/en\/wp-json\/wp\/v2\/pages\/5200\/revisions\/5215"}],"wp:attachment":[{"href":"https:\/\/uniformespromax.com\/en\/wp-json\/wp\/v2\/media?parent=5200"}],"curies":[{"name":"wp","href":"https:\/\/api.w.org\/{rel}","templated":true}]}}